{"id":13,"date":"2022-07-12T20:45:19","date_gmt":"2022-07-12T20:45:19","guid":{"rendered":"https:\/\/endocrinologas.despliegueweb.website\/?page_id=13"},"modified":"2024-03-14T16:47:51","modified_gmt":"2024-03-14T16:47:51","slug":"inicio","status":"publish","type":"page","link":"https:\/\/www.endocrinologas.cl\/especialistas\/javiera-gonzalez\/","title":{"rendered":"Inicio"},"content":{"rendered":"\t\t<div data-elementor-type=\"wp-page\" data-elementor-id=\"13\" class=\"elementor elementor-13\">\n\t\t\t\t\t\t<div class=\"elementor-inner\">\n\t\t\t\t<div class=\"elementor-section-wrap\">\n\t\t\t\t\t\t\t\t\t<section class=\"elementor-section elementor-top-section elementor-element elementor-element-c04fdc2 elementor-section-boxed elementor-section-height-default elementor-section-height-default\" data-id=\"c04fdc2\" data-element_type=\"section\">\n\t\t\t\t\t\t<div class=\"elementor-container elementor-column-gap-default\">\n\t\t\t\t\t\t\t<div class=\"elementor-row\">\n\t\t\t\t\t<div class=\"elementor-column elementor-col-50 elementor-top-column elementor-element elementor-element-cbdd497\" data-id=\"cbdd497\" data-element_type=\"column\">\n\t\t\t<div class=\"elementor-column-wrap elementor-element-populated\">\n\t\t\t\t\t\t\t<div class=\"elementor-widget-wrap\">\n\t\t\t\t\t\t<section class=\"elementor-section elementor-inner-section elementor-element elementor-element-878f6b5 elementor-section-boxed elementor-section-height-default elementor-section-height-default\" data-id=\"878f6b5\" data-element_type=\"section\">\n\t\t\t\t\t\t<div class=\"elementor-container elementor-column-gap-default\">\n\t\t\t\t\t\t\t<div class=\"elementor-row\">\n\t\t\t\t\t<div class=\"elementor-column elementor-col-50 elementor-inner-column elementor-element elementor-element-c87c6a8 elementor-hidden-mobile\" data-id=\"c87c6a8\" data-element_type=\"column\" data-settings=\"{&quot;background_background&quot;:&quot;classic&quot;}\">\n\t\t\t<div class=\"elementor-column-wrap elementor-element-populated\">\n\t\t\t\t\t\t\t<div class=\"elementor-widget-wrap\">\n\t\t\t\t\t\t<div class=\"elementor-element elementor-element-defc9e3 elementor-widget elementor-widget-spacer\" data-id=\"defc9e3\" data-element_type=\"widget\" data-widget_type=\"spacer.default\">\n\t\t\t\t<div class=\"elementor-widget-container\">\n\t\t\t\t\t<div class=\"elementor-spacer\">\n\t\t\t<div class=\"elementor-spacer-inner\"><\/div>\n\t\t<\/div>\n\t\t\t\t<\/div>\n\t\t\t\t<\/div>\n\t\t\t\t\t\t<\/div>\n\t\t\t\t\t<\/div>\n\t\t<\/div>\n\t\t\t\t<div class=\"elementor-column elementor-col-50 elementor-inner-column elementor-element elementor-element-14b6891\" data-id=\"14b6891\" data-element_type=\"column\">\n\t\t\t<div class=\"elementor-column-wrap elementor-element-populated\">\n\t\t\t\t\t\t\t<div class=\"elementor-widget-wrap\">\n\t\t\t\t\t\t<div class=\"elementor-element elementor-element-88c278c elementor-widget elementor-widget-heading\" data-id=\"88c278c\" data-element_type=\"widget\" data-widget_type=\"heading.default\">\n\t\t\t\t<div class=\"elementor-widget-container\">\n\t\t\t<h2 class=\"elementor-heading-title elementor-size-default\">Dra. Javiera Gonz\u00e1lez<\/h2>\t\t<\/div>\n\t\t\t\t<\/div>\n\t\t\t\t<div class=\"elementor-element elementor-element-791abf8 elementor-widget elementor-widget-text-editor\" data-id=\"791abf8\" data-element_type=\"widget\" data-widget_type=\"text-editor.default\">\n\t\t\t\t<div class=\"elementor-widget-container\">\n\t\t\t\t\t\t\t\t<div class=\"elementor-text-editor elementor-clearfix\">\n\t\t\t\t<p><strong>Pasos para reservar Hora:<\/strong><\/p>\t\t\t\t\t<\/div>\n\t\t\t\t\t\t<\/div>\n\t\t\t\t<\/div>\n\t\t\t\t<div class=\"elementor-element elementor-element-8386fb5 elementor-icon-list--layout-traditional elementor-list-item-link-full_width elementor-widget elementor-widget-icon-list\" data-id=\"8386fb5\" data-element_type=\"widget\" data-widget_type=\"icon-list.default\">\n\t\t\t\t<div class=\"elementor-widget-container\">\n\t\t\t\t\t<ul class=\"elementor-icon-list-items\">\n\t\t\t\t\t\t\t<li class=\"elementor-icon-list-item\">\n\t\t\t\t\t\t\t\t\t\t<span class=\"elementor-icon-list-text\"><b>1.<\/b> Seleccione su Tratamiento.<\/span>\n\t\t\t\t\t\t\t\t\t<\/li>\n\t\t\t\t\t\t\t\t<li class=\"elementor-icon-list-item\">\n\t\t\t\t\t\t\t\t\t\t<span class=\"elementor-icon-list-text\"><b>2.<\/b> Seleccione el d\u00eda y hora para su cita.<\/span>\n\t\t\t\t\t\t\t\t\t<\/li>\n\t\t\t\t\t\t\t\t<li class=\"elementor-icon-list-item\">\n\t\t\t\t\t\t\t\t\t\t<span class=\"elementor-icon-list-text\"><b>3.<\/b> Indique su RUT.<\/span>\n\t\t\t\t\t\t\t\t\t<\/li>\n\t\t\t\t\t\t\t\t<li class=\"elementor-icon-list-item\">\n\t\t\t\t\t\t\t\t\t\t<span class=\"elementor-icon-list-text\"><b>4.<\/b> Ingrese sus datos.<\/span>\n\t\t\t\t\t\t\t\t\t<\/li>\n\t\t\t\t\t\t\t\t<li class=\"elementor-icon-list-item\">\n\t\t\t\t\t\t\t\t\t\t<span class=\"elementor-icon-list-text\"><b>5.<\/b> Prep\u00e1rese para su atenci\u00f3n.<\/span>\n\t\t\t\t\t\t\t\t\t<\/li>\n\t\t\t\t\t\t<\/ul>\n\t\t\t\t<\/div>\n\t\t\t\t<\/div>\n\t\t\t\t<div class=\"elementor-element elementor-element-6095f3d elementor-widget-divider--view-line elementor-widget elementor-widget-divider\" data-id=\"6095f3d\" data-element_type=\"widget\" data-widget_type=\"divider.default\">\n\t\t\t\t<div class=\"elementor-widget-container\">\n\t\t\t\t\t<div class=\"elementor-divider\">\n\t\t\t<span class=\"elementor-divider-separator\">\n\t\t\t\t\t\t<\/span>\n\t\t<\/div>\n\t\t\t\t<\/div>\n\t\t\t\t<\/div>\n\t\t\t\t<div class=\"elementor-element elementor-element-6d9b451 elementor-widget elementor-widget-text-editor\" data-id=\"6d9b451\" data-element_type=\"widget\" data-widget_type=\"text-editor.default\">\n\t\t\t\t<div class=\"elementor-widget-container\">\n\t\t\t\t\t\t\t\t<div class=\"elementor-text-editor elementor-clearfix\">\n\t\t\t\t<p>* La doctora atiende pacientes mayores de 18 a\u00f1os.<\/p>\t\t\t\t\t<\/div>\n\t\t\t\t\t\t<\/div>\n\t\t\t\t<\/div>\n\t\t\t\t\t\t<\/div>\n\t\t\t\t\t<\/div>\n\t\t<\/div>\n\t\t\t\t\t\t\t\t<\/div>\n\t\t\t\t\t<\/div>\n\t\t<\/section>\n\t\t\t\t\t\t<\/div>\n\t\t\t\t\t<\/div>\n\t\t<\/div>\n\t\t\t\t<div class=\"elementor-column elementor-col-50 elementor-top-column elementor-element elementor-element-0c9b18b\" data-id=\"0c9b18b\" data-element_type=\"column\" data-settings=\"{&quot;background_background&quot;:&quot;classic&quot;}\">\n\t\t\t<div class=\"elementor-column-wrap elementor-element-populated\">\n\t\t\t\t\t\t\t<div class=\"elementor-widget-wrap\">\n\t\t\t\t\t\t<div class=\"elementor-element elementor-element-84e7f15 elementor-widget elementor-widget-html\" data-id=\"84e7f15\" data-element_type=\"widget\" data-widget_type=\"html.default\">\n\t\t\t\t<div class=\"elementor-widget-container\">\n\t\t\t<iframe loading=\"lazy\" style=\"overflow: hidden; border-radius: 10px; margin-bottom: 20px;\" src=\"https:\/\/agendamiento.reservo.cl\/makereserva\/agenda\/W0d6Jqt0J06Wxr794Y48aq42o5w97C\" width=\"100%\" height=\"600\" frameborder=\"0\"><\/iframe>\n\n\t\t<\/div>\n\t\t\t\t<\/div>\n\t\t\t\t\t\t<\/div>\n\t\t\t\t\t<\/div>\n\t\t<\/div>\n\t\t\t\t\t\t\t\t<\/div>\n\t\t\t\t\t<\/div>\n\t\t<\/section>\n\t\t\t\t<section class=\"elementor-section elementor-top-section elementor-element elementor-element-6c25955 elementor-hidden-desktop elementor-hidden-tablet elementor-hidden-mobile elementor-section-boxed elementor-section-height-default elementor-section-height-default\" data-id=\"6c25955\" data-element_type=\"section\">\n\t\t\t\t\t\t<div class=\"elementor-container elementor-column-gap-default\">\n\t\t\t\t\t\t\t<div class=\"elementor-row\">\n\t\t\t\t\t<div class=\"elementor-column elementor-col-50 elementor-top-column elementor-element elementor-element-2e6421c\" data-id=\"2e6421c\" data-element_type=\"column\">\n\t\t\t<div class=\"elementor-column-wrap elementor-element-populated\">\n\t\t\t\t\t\t\t<div class=\"elementor-widget-wrap\">\n\t\t\t\t\t\t<section class=\"elementor-section elementor-inner-section elementor-element elementor-element-512ab42 elementor-section-boxed elementor-section-height-default elementor-section-height-default\" data-id=\"512ab42\" data-element_type=\"section\">\n\t\t\t\t\t\t<div class=\"elementor-container elementor-column-gap-default\">\n\t\t\t\t\t\t\t<div class=\"elementor-row\">\n\t\t\t\t\t<div class=\"elementor-column elementor-col-50 elementor-inner-column elementor-element elementor-element-a43cf9b elementor-hidden-mobile\" data-id=\"a43cf9b\" data-element_type=\"column\" data-settings=\"{&quot;background_background&quot;:&quot;classic&quot;}\">\n\t\t\t<div class=\"elementor-column-wrap elementor-element-populated\">\n\t\t\t\t\t\t\t<div class=\"elementor-widget-wrap\">\n\t\t\t\t\t\t<div class=\"elementor-element elementor-element-8e8a16f elementor-widget elementor-widget-spacer\" data-id=\"8e8a16f\" data-element_type=\"widget\" data-widget_type=\"spacer.default\">\n\t\t\t\t<div class=\"elementor-widget-container\">\n\t\t\t\t\t<div class=\"elementor-spacer\">\n\t\t\t<div class=\"elementor-spacer-inner\"><\/div>\n\t\t<\/div>\n\t\t\t\t<\/div>\n\t\t\t\t<\/div>\n\t\t\t\t\t\t<\/div>\n\t\t\t\t\t<\/div>\n\t\t<\/div>\n\t\t\t\t<div class=\"elementor-column elementor-col-50 elementor-inner-column elementor-element elementor-element-6ac7048\" data-id=\"6ac7048\" data-element_type=\"column\">\n\t\t\t<div class=\"elementor-column-wrap elementor-element-populated\">\n\t\t\t\t\t\t\t<div class=\"elementor-widget-wrap\">\n\t\t\t\t\t\t<div class=\"elementor-element elementor-element-4c9a4d5 elementor-widget elementor-widget-heading\" data-id=\"4c9a4d5\" data-element_type=\"widget\" data-widget_type=\"heading.default\">\n\t\t\t\t<div class=\"elementor-widget-container\">\n\t\t\t<h2 class=\"elementor-heading-title elementor-size-default\">Dra. Javiera Gonz\u00e1lez<\/h2>\t\t<\/div>\n\t\t\t\t<\/div>\n\t\t\t\t<div class=\"elementor-element elementor-element-cc26bbd elementor-widget elementor-widget-text-editor\" data-id=\"cc26bbd\" data-element_type=\"widget\" data-widget_type=\"text-editor.default\">\n\t\t\t\t<div class=\"elementor-widget-container\">\n\t\t\t\t\t\t\t\t<div class=\"elementor-text-editor elementor-clearfix\">\n\t\t\t\t<p><strong>Pasos para reservar Hora:<\/strong><\/p>\t\t\t\t\t<\/div>\n\t\t\t\t\t\t<\/div>\n\t\t\t\t<\/div>\n\t\t\t\t<div class=\"elementor-element elementor-element-59bcd7b elementor-icon-list--layout-traditional elementor-list-item-link-full_width elementor-widget elementor-widget-icon-list\" data-id=\"59bcd7b\" data-element_type=\"widget\" data-widget_type=\"icon-list.default\">\n\t\t\t\t<div class=\"elementor-widget-container\">\n\t\t\t\t\t<ul class=\"elementor-icon-list-items\">\n\t\t\t\t\t\t\t<li class=\"elementor-icon-list-item\">\n\t\t\t\t\t\t\t\t\t\t<span class=\"elementor-icon-list-text\"><b>1.<\/b> Seleccione su Previsi\u00f3n.<\/span>\n\t\t\t\t\t\t\t\t\t<\/li>\n\t\t\t\t\t\t\t\t<li class=\"elementor-icon-list-item\">\n\t\t\t\t\t\t\t\t\t\t<span class=\"elementor-icon-list-text\"><b>2.<\/b> Seleccione el Motivo de su Consulta.<\/span>\n\t\t\t\t\t\t\t\t\t<\/li>\n\t\t\t\t\t\t\t\t<li class=\"elementor-icon-list-item\">\n\t\t\t\t\t\t\t\t\t\t<span class=\"elementor-icon-list-text\"><b>3.<\/b> Seleccione el d\u00eda y fecha para su cita.<\/span>\n\t\t\t\t\t\t\t\t\t<\/li>\n\t\t\t\t\t\t\t\t<li class=\"elementor-icon-list-item\">\n\t\t\t\t\t\t\t\t\t\t<span class=\"elementor-icon-list-text\"><b>4.<\/b> Ingrese sus datos.<\/span>\n\t\t\t\t\t\t\t\t\t<\/li>\n\t\t\t\t\t\t\t\t<li class=\"elementor-icon-list-item\">\n\t\t\t\t\t\t\t\t\t\t<span class=\"elementor-icon-list-text\"><b>5.<\/b> Prep\u00e1rese para su atenci\u00f3n.<\/span>\n\t\t\t\t\t\t\t\t\t<\/li>\n\t\t\t\t\t\t<\/ul>\n\t\t\t\t<\/div>\n\t\t\t\t<\/div>\n\t\t\t\t<div class=\"elementor-element elementor-element-300fd34 elementor-widget-divider--view-line elementor-widget elementor-widget-divider\" data-id=\"300fd34\" data-element_type=\"widget\" data-widget_type=\"divider.default\">\n\t\t\t\t<div class=\"elementor-widget-container\">\n\t\t\t\t\t<div class=\"elementor-divider\">\n\t\t\t<span class=\"elementor-divider-separator\">\n\t\t\t\t\t\t<\/span>\n\t\t<\/div>\n\t\t\t\t<\/div>\n\t\t\t\t<\/div>\n\t\t\t\t<div class=\"elementor-element elementor-element-8b1515c elementor-position-left elementor-view-default elementor-mobile-position-top elementor-vertical-align-top elementor-widget elementor-widget-icon-box\" data-id=\"8b1515c\" data-element_type=\"widget\" data-widget_type=\"icon-box.default\">\n\t\t\t\t<div class=\"elementor-widget-container\">\n\t\t\t\t\t<div class=\"elementor-icon-box-wrapper\">\n\t\t\t\t\t\t<div class=\"elementor-icon-box-icon\">\n\t\t\t\t<span class=\"elementor-icon elementor-animation-\" >\n\t\t\t\t<svg xmlns=\"http:\/\/www.w3.org\/2000\/svg\" xmlns:xlink=\"http:\/\/www.w3.org\/1999\/xlink\" id=\"Capa_1\" x=\"0px\" y=\"0px\" viewBox=\"0 0 512 512\" style=\"enable-background:new 0 0 512 512;\" xml:space=\"preserve\" width=\"512\" height=\"512\"><g>\t<path style=\"fill-rule:evenodd;clip-rule:evenodd;\" d=\"M207.51,215.321c-11.224-11.224-25.931-16.84-40.642-16.85h-0.073   c-14.71,0.009-29.418,5.626-40.642,16.85c-22.466,22.466-22.466,58.891,0,81.357c22.466,22.466,58.891,22.466,81.357,0   C229.976,274.212,229.976,237.788,207.51,215.321z M191.238,280.407c-13.48,13.48-35.334,13.48-48.814,0   c-13.48-13.48-13.48-35.334,0-48.814c13.48-13.48,35.334-13.48,48.814,0C204.718,245.073,204.718,266.927,191.238,280.407z\"><\/path>\t<path style=\"fill-rule:evenodd;clip-rule:evenodd;\" d=\"M328.319,215.321c-11.224-11.224-25.931-16.84-40.715-16.85   c-14.711,0.009-29.418,5.626-40.642,16.85c-22.466,22.466-22.466,58.891,0,81.357c22.466,22.466,58.891,22.466,81.357,0   C350.785,274.212,350.785,237.788,328.319,215.321z M312.047,280.407c-13.48,13.48-35.334,13.48-48.814,0   c-13.48-13.48-13.48-35.334,0-48.814c13.48-13.48,35.335-13.48,48.814,0C325.527,245.073,325.527,266.927,312.047,280.407z\"><\/path>\t<path style=\"fill-rule:evenodd;clip-rule:evenodd;\" d=\"M23.011,313.24l5.753,0.288h86.292l-0.288-5.747   c-0.77-9.472-7.477-16.383-16.971-16.976l-5.753-0.288H40.27l69.034-69.034l-0.288-5.746c-0.456-9.547-7.441-16.474-16.971-16.978   l-5.752-0.282L0,198.472l0.288,5.747c0.746,9.359,7.554,16.433,16.964,16.976l5.76,0.288h51.775L5.753,290.517l0.288,5.747   C6.608,305.748,13.457,312.611,23.011,313.24z\"><\/path>\t<path style=\"fill-rule:evenodd;clip-rule:evenodd;\" d=\"M416.856,232.953c1.971,3.393,2.589,7.221,2.812,11.542l0.288,5.753v40.27   l0.288,5.747c0.569,9.408,7.485,16.375,16.976,16.977l5.747,0.288v-63.281l0.288-5.753c0.224-4.267,0.85-8.182,2.837-11.584   c3.99-6.835,11.402-11.427,19.887-11.427c8.515,0,15.95,4.625,19.93,11.501c1.96,3.386,2.566,7.295,2.794,11.511l0.288,5.747   v40.276l0.288,5.747c0.597,9.463,7.471,16.425,16.976,16.977l5.747,0.288v-63.229v-5.805c0-25.417-20.605-46.022-46.022-46.022   c-13.746,0-26.084,6.026-34.517,15.581c-8.433-9.555-20.771-15.581-34.517-15.581c-9.55,0-18.421,2.909-25.774,7.889   c-4.476-4.98-14.495-7.889-20.248-7.889v115.056l5.753-0.288c9.608-0.632,16.595-7.418,16.971-16.969l0.288-5.755v-40.27   l0.288-5.753c0.243-4.327,0.845-8.164,2.823-11.561c3.987-6.847,11.406-11.45,19.9-11.45   C405.446,221.483,412.872,226.095,416.856,232.953z\"><\/path><\/g><\/svg>\t\t\t\t<\/span>\n\t\t\t<\/div>\n\t\t\t\t\t\t<div class=\"elementor-icon-box-content\">\n\t\t\t\t<h3 class=\"elementor-icon-box-title\">\n\t\t\t\t\t<span  >\n\t\t\t\t\t\t\t\t\t\t\t<\/span>\n\t\t\t\t<\/h3>\n\t\t\t\t\t\t\t\t\t<p class=\"elementor-icon-box-description\">\n\t\t\t\t\t\tEs importante que al momento de la cita cuente con buena conexi\u00f3n a internet. La telemedicina se realizar\u00e1 por ZOOM, a su e-mail recibir\u00e1 el enlace de ingreso.\t\t\t\t\t<\/p>\n\t\t\t\t\t\t\t<\/div>\n\t\t<\/div>\n\t\t\t\t<\/div>\n\t\t\t\t<\/div>\n\t\t\t\t<div class=\"elementor-element elementor-element-45f961f elementor-widget elementor-widget-text-editor\" data-id=\"45f961f\" data-element_type=\"widget\" data-widget_type=\"text-editor.default\">\n\t\t\t\t<div class=\"elementor-widget-container\">\n\t\t\t\t\t\t\t\t<div class=\"elementor-text-editor elementor-clearfix\">\n\t\t\t\t<p>* La doctora atiende pacientes mayores de 18 a\u00f1os.<\/p>\t\t\t\t\t<\/div>\n\t\t\t\t\t\t<\/div>\n\t\t\t\t<\/div>\n\t\t\t\t\t\t<\/div>\n\t\t\t\t\t<\/div>\n\t\t<\/div>\n\t\t\t\t\t\t\t\t<\/div>\n\t\t\t\t\t<\/div>\n\t\t<\/section>\n\t\t\t\t\t\t<\/div>\n\t\t\t\t\t<\/div>\n\t\t<\/div>\n\t\t\t\t<div class=\"elementor-column elementor-col-50 elementor-top-column elementor-element elementor-element-1bad77a\" data-id=\"1bad77a\" data-element_type=\"column\" data-settings=\"{&quot;background_background&quot;:&quot;classic&quot;}\">\n\t\t\t<div class=\"elementor-column-wrap elementor-element-populated\">\n\t\t\t\t\t\t\t<div class=\"elementor-widget-wrap\">\n\t\t\t\t\t\t<div class=\"elementor-element elementor-element-e423180 elementor-widget-divider--view-line elementor-widget elementor-widget-divider\" data-id=\"e423180\" data-element_type=\"widget\" data-widget_type=\"divider.default\">\n\t\t\t\t<div class=\"elementor-widget-container\">\n\t\t\t\t\t<div class=\"elementor-divider\">\n\t\t\t<span class=\"elementor-divider-separator\">\n\t\t\t\t\t\t<\/span>\n\t\t<\/div>\n\t\t\t\t<\/div>\n\t\t\t\t<\/div>\n\t\t\t\t\t\t<\/div>\n\t\t\t\t\t<\/div>\n\t\t<\/div>\n\t\t\t\t\t\t\t\t<\/div>\n\t\t\t\t\t<\/div>\n\t\t<\/section>\n\t\t\t\t\t\t\t\t\t<\/div>\n\t\t\t<\/div>\n\t\t\t\t\t<\/div>\n\t\t","protected":false},"excerpt":{"rendered":"<p>Dra. Javiera Gonz\u00e1lez Pasos para reservar Hora: 1. Seleccione su Tratamiento. 2. Seleccione el d\u00eda y hora para su cita. 3. Indique su RUT. 4. Ingrese sus datos. 5. Prep\u00e1rese para su atenci\u00f3n. * La doctora atiende pacientes mayores de 18 a\u00f1os. Dra. Javiera Gonz\u00e1lez Pasos para reservar Hora: 1. Seleccione su Previsi\u00f3n. 2. Seleccione [&hellip;]<\/p>\n","protected":false},"author":1,"featured_media":0,"parent":0,"menu_order":0,"comment_status":"closed","ping_status":"closed","template":"","meta":{"footnotes":""},"class_list":["post-13","page","type-page","status-publish","hentry"],"_links":{"self":[{"href":"https:\/\/www.endocrinologas.cl\/especialistas\/javiera-gonzalez\/wp-json\/wp\/v2\/pages\/13","targetHints":{"allow":["GET"]}}],"collection":[{"href":"https:\/\/www.endocrinologas.cl\/especialistas\/javiera-gonzalez\/wp-json\/wp\/v2\/pages"}],"about":[{"href":"https:\/\/www.endocrinologas.cl\/especialistas\/javiera-gonzalez\/wp-json\/wp\/v2\/types\/page"}],"author":[{"embeddable":true,"href":"https:\/\/www.endocrinologas.cl\/especialistas\/javiera-gonzalez\/wp-json\/wp\/v2\/users\/1"}],"replies":[{"embeddable":true,"href":"https:\/\/www.endocrinologas.cl\/especialistas\/javiera-gonzalez\/wp-json\/wp\/v2\/comments?post=13"}],"version-history":[{"count":661,"href":"https:\/\/www.endocrinologas.cl\/especialistas\/javiera-gonzalez\/wp-json\/wp\/v2\/pages\/13\/revisions"}],"predecessor-version":[{"id":1798,"href":"https:\/\/www.endocrinologas.cl\/especialistas\/javiera-gonzalez\/wp-json\/wp\/v2\/pages\/13\/revisions\/1798"}],"wp:attachment":[{"href":"https:\/\/www.endocrinologas.cl\/especialistas\/javiera-gonzalez\/wp-json\/wp\/v2\/media?parent=13"}],"curies":[{"name":"wp","href":"https:\/\/api.w.org\/{rel}","templated":true}]}}