{"id":1774,"date":"2024-04-29T17:04:49","date_gmt":"2024-04-29T17:04:49","guid":{"rendered":"https:\/\/www.endocrinologas.cl\/especialistas\/francisca-gajardo\/?page_id=1774"},"modified":"2024-04-29T20:59:14","modified_gmt":"2024-04-29T20:59:14","slug":"presencial","status":"publish","type":"page","link":"https:\/\/www.endocrinologas.cl\/especialistas\/francisca-gajardo\/presencial\/","title":{"rendered":"Presencial"},"content":{"rendered":"\t\t<div data-elementor-type=\"wp-page\" data-elementor-id=\"1774\" class=\"elementor elementor-1774\">\n\t\t\t\t\t\t<div class=\"elementor-inner\">\n\t\t\t\t<div class=\"elementor-section-wrap\">\n\t\t\t\t\t\t\t\t\t<section class=\"elementor-section elementor-top-section elementor-element elementor-element-c04fdc2 elementor-section-boxed elementor-section-height-default elementor-section-height-default\" data-id=\"c04fdc2\" data-element_type=\"section\">\n\t\t\t\t\t\t<div class=\"elementor-container elementor-column-gap-default\">\n\t\t\t\t\t\t\t<div class=\"elementor-row\">\n\t\t\t\t\t<div class=\"elementor-column elementor-col-50 elementor-top-column elementor-element elementor-element-cbdd497\" data-id=\"cbdd497\" data-element_type=\"column\">\n\t\t\t<div class=\"elementor-column-wrap elementor-element-populated\">\n\t\t\t\t\t\t\t<div class=\"elementor-widget-wrap\">\n\t\t\t\t\t\t<section class=\"elementor-section elementor-inner-section elementor-element elementor-element-878f6b5 elementor-section-boxed elementor-section-height-default elementor-section-height-default\" data-id=\"878f6b5\" data-element_type=\"section\">\n\t\t\t\t\t\t<div class=\"elementor-container elementor-column-gap-default\">\n\t\t\t\t\t\t\t<div class=\"elementor-row\">\n\t\t\t\t\t<div class=\"elementor-column elementor-col-50 elementor-inner-column elementor-element elementor-element-c87c6a8 elementor-hidden-mobile\" data-id=\"c87c6a8\" data-element_type=\"column\" data-settings=\"{&quot;background_background&quot;:&quot;classic&quot;}\">\n\t\t\t<div class=\"elementor-column-wrap elementor-element-populated\">\n\t\t\t\t\t\t\t<div class=\"elementor-widget-wrap\">\n\t\t\t\t\t\t<div class=\"elementor-element elementor-element-defc9e3 elementor-widget elementor-widget-spacer\" data-id=\"defc9e3\" data-element_type=\"widget\" data-widget_type=\"spacer.default\">\n\t\t\t\t<div class=\"elementor-widget-container\">\n\t\t\t\t\t<div class=\"elementor-spacer\">\n\t\t\t<div class=\"elementor-spacer-inner\"><\/div>\n\t\t<\/div>\n\t\t\t\t<\/div>\n\t\t\t\t<\/div>\n\t\t\t\t\t\t<\/div>\n\t\t\t\t\t<\/div>\n\t\t<\/div>\n\t\t\t\t<div class=\"elementor-column elementor-col-50 elementor-inner-column elementor-element elementor-element-14b6891\" data-id=\"14b6891\" data-element_type=\"column\">\n\t\t\t<div class=\"elementor-column-wrap elementor-element-populated\">\n\t\t\t\t\t\t\t<div class=\"elementor-widget-wrap\">\n\t\t\t\t\t\t<div class=\"elementor-element elementor-element-88c278c elementor-widget elementor-widget-heading\" data-id=\"88c278c\" data-element_type=\"widget\" data-widget_type=\"heading.default\">\n\t\t\t\t<div class=\"elementor-widget-container\">\n\t\t\t<h2 class=\"elementor-heading-title elementor-size-default\">Dra. Francisca Gajardo<\/h2>\t\t<\/div>\n\t\t\t\t<\/div>\n\t\t\t\t<div class=\"elementor-element elementor-element-791abf8 elementor-widget elementor-widget-text-editor\" data-id=\"791abf8\" data-element_type=\"widget\" data-widget_type=\"text-editor.default\">\n\t\t\t\t<div class=\"elementor-widget-container\">\n\t\t\t\t\t\t\t\t<div class=\"elementor-text-editor elementor-clearfix\">\n\t\t\t\t<p><strong>Pasos para reservar Hora:<\/strong><\/p>\t\t\t\t\t<\/div>\n\t\t\t\t\t\t<\/div>\n\t\t\t\t<\/div>\n\t\t\t\t<div class=\"elementor-element elementor-element-8386fb5 elementor-icon-list--layout-traditional elementor-list-item-link-full_width elementor-widget elementor-widget-icon-list\" data-id=\"8386fb5\" data-element_type=\"widget\" data-widget_type=\"icon-list.default\">\n\t\t\t\t<div class=\"elementor-widget-container\">\n\t\t\t\t\t<ul class=\"elementor-icon-list-items\">\n\t\t\t\t\t\t\t<li class=\"elementor-icon-list-item\">\n\t\t\t\t\t\t\t\t\t\t<span class=\"elementor-icon-list-text\"><b>1.<\/b> Ingrese su RUT.<\/span>\n\t\t\t\t\t\t\t\t\t<\/li>\n\t\t\t\t\t\t\t\t<li class=\"elementor-icon-list-item\">\n\t\t\t\t\t\t\t\t\t\t<span class=\"elementor-icon-list-text\"><b>2.<\/b> Complete sus datos.<\/span>\n\t\t\t\t\t\t\t\t\t<\/li>\n\t\t\t\t\t\t\t\t<li class=\"elementor-icon-list-item\">\n\t\t\t\t\t\t\t\t\t\t<span class=\"elementor-icon-list-text\"><b>3.<\/b> Seleccione un centro m\u00e9dico.<\/span>\n\t\t\t\t\t\t\t\t\t<\/li>\n\t\t\t\t\t\t\t\t<li class=\"elementor-icon-list-item\">\n\t\t\t\t\t\t\t\t\t\t<span class=\"elementor-icon-list-text\"><b>4.<\/b> Seleccione d\u00eda y fecha de atenci\u00f3n.<\/span>\n\t\t\t\t\t\t\t\t\t<\/li>\n\t\t\t\t\t\t\t\t<li class=\"elementor-icon-list-item\">\n\t\t\t\t\t\t\t\t\t\t<span class=\"elementor-icon-list-text\"><b>5.<\/b> Prep\u00e1rese para su atenci\u00f3n.<\/span>\n\t\t\t\t\t\t\t\t\t<\/li>\n\t\t\t\t\t\t<\/ul>\n\t\t\t\t<\/div>\n\t\t\t\t<\/div>\n\t\t\t\t<div class=\"elementor-element elementor-element-6095f3d elementor-widget-divider--view-line elementor-widget elementor-widget-divider\" data-id=\"6095f3d\" data-element_type=\"widget\" data-widget_type=\"divider.default\">\n\t\t\t\t<div class=\"elementor-widget-container\">\n\t\t\t\t\t<div class=\"elementor-divider\">\n\t\t\t<span class=\"elementor-divider-separator\">\n\t\t\t\t\t\t<\/span>\n\t\t<\/div>\n\t\t\t\t<\/div>\n\t\t\t\t<\/div>\n\t\t\t\t<div class=\"elementor-element elementor-element-6d9b451 elementor-widget elementor-widget-text-editor\" data-id=\"6d9b451\" data-element_type=\"widget\" data-widget_type=\"text-editor.default\">\n\t\t\t\t<div class=\"elementor-widget-container\">\n\t\t\t\t\t\t\t\t<div class=\"elementor-text-editor elementor-clearfix\">\n\t\t\t\t<p>* La doctora atiende pacientes mayores de 18 a\u00f1os.<br \/>* La doctora no atiende casos de Diabetes Mellitus.<\/p>\t\t\t\t\t<\/div>\n\t\t\t\t\t\t<\/div>\n\t\t\t\t<\/div>\n\t\t\t\t\t\t<\/div>\n\t\t\t\t\t<\/div>\n\t\t<\/div>\n\t\t\t\t\t\t\t\t<\/div>\n\t\t\t\t\t<\/div>\n\t\t<\/section>\n\t\t\t\t\t\t<\/div>\n\t\t\t\t\t<\/div>\n\t\t<\/div>\n\t\t\t\t<div class=\"elementor-column elementor-col-50 elementor-top-column elementor-element elementor-element-0c9b18b\" data-id=\"0c9b18b\" data-element_type=\"column\" data-settings=\"{&quot;background_background&quot;:&quot;classic&quot;}\">\n\t\t\t<div class=\"elementor-column-wrap elementor-element-populated\">\n\t\t\t\t\t\t\t<div class=\"elementor-widget-wrap\">\n\t\t\t\t\t\t<div class=\"elementor-element elementor-element-933459f elementor-widget elementor-widget-heading\" data-id=\"933459f\" data-element_type=\"widget\" data-widget_type=\"heading.default\">\n\t\t\t\t<div class=\"elementor-widget-container\">\n\t\t\t<h2 class=\"elementor-heading-title elementor-size-default\">Reserva Presencial<\/h2>\t\t<\/div>\n\t\t\t\t<\/div>\n\t\t\t\t<div class=\"elementor-element elementor-element-5145aa3 elementor-widget elementor-widget-html\" data-id=\"5145aa3\" data-element_type=\"widget\" data-widget_type=\"html.default\">\n\t\t\t\t<div class=\"elementor-widget-container\">\n\t\t\t<iframe  width=\"100%\" height=\"900px\" data-hj-allow-iframe=\"\" data-src=\"https:\/\/patientportal.prod.meds.procloudhub.com\/#\/patientPortal\/redirect?areaId=22&#038;resourceId=1598\" class=\"lazyload\"><\/iframe>\n<!-- Desarrollado por Bassino Digital SpA - https:\/\/bassino.digital -->\n\n\t<script src=\"https:\/\/cdnjs.cloudflare.com\/ajax\/libs\/select2\/4.1.0-rc.0\/js\/select2.min.js\"><\/script>\n\t<script type=\"text\/javascript\">\n\t\t\n\t\/\/ Show 'menu-especialidades' element\n    jQuery(\"#menu-especialidades\").show();\n\t\t\njQuery(document).ready(function ($) {\n    \/\/ Initialize Select2 for specific select elements\n    $('.jet-select__control, .wpcf7-select, .jet-sorting-select').select2();\n    $(\".select2-search__field\").attr(\"placeholder\", \"Buscar...\");\n\n    \/\/ Set placeholder for Select2 search field on open\n    $('.jet-select__control').one('select2:open', function() {\n        $('input.select2-search__field').prop('placeholder', 'Buscar...');\n    });\n\n    \/\/ Toggle functionality for search sections\n    toggleSection(\"#buscar\", \"#buscador\", \".elementor-search-form__input\");\n    toggleSection(\"#buscar-mob\", \"#buscador-mob\", \"#buscador-mob .elementor-search-form__input\");\n\n\n\n    \/\/ Close button functionality for mobile search\n    $(\"#close\").click(function() {\n        $(\"#buscador-mob\").hide();\n    });\n\n    \/\/ Toggle functionality for contact and mobile menu\n    $(\"#contacto\").click(function() {\n        $(\"#contacto-section\").toggle(\"fast\");\n    });\n    $(\"#trigger-mob\").click(function() {\n        $(\"#menu-mob\").toggle(\"fast\");\n    });\n\n    \/\/ Remove 'loading' attribute for carousel images\n    $(\"#portada-desk .jet-carousel__item-img, #portada-mob .jet-carousel__item-img\").removeAttr(\"loading\");\n\n    \/\/ Function to toggle sections and set focus\n    function toggleSection(toggleButton, toggleSection, focusElement) {\n        $(toggleButton).click(function() {\n            $(toggleSection).toggle(\"fast\", function() {\n                if ($(this).is(':visible')) {\n                    $(focusElement).focus();\n                }\n            });\n        });\n\n        $(document).click(function(e) {\n            if ($(e.target).closest(toggleButton).length === 0 && !$(e.target).hasClass(\"elementor-search-form__input\")) {\n                $(toggleSection).hide(\"fast\");\n            }\n        });\n    }\n});\n\n<\/script>\n<noscript><img loading=\"lazy\" decoding=\"async\" height=\"1\" width=\"1\" style=\"display: none;\" src=\"https:\/\/www.facebook.com\/tr?id=2709860385740727&ev=PageView&noscript=1&cd%5Bpage_title%5D=Reserva+de+horas+MEDS&cd%5Bpost_type%5D=page&cd%5Bpost_id%5D=45904&cd%5Bplugin%5D=PixelYourSite&cd%5Buser_role%5D=guest&cd%5Bevent_url%5D=www.meds.cl%2Freserva-horas-meds%2F\" alt=\"\"><\/noscript>\n<script   type='text\/javascript' id='eio-lazy-load-js-before'>\nvar eio_lazy_vars = {\"exactdn_domain\":\"\",\"skip_autoscale\":0,\"threshold\":0};\n<\/script>\n<script   type='text\/javascript' src='https:\/\/www.meds.cl\/wp-content\/plugins\/ewww-image-optimizer\/includes\/lazysizes.min.js?ver=723' id='eio-lazy-load-js'><\/script>\n<script   type='text\/javascript' src='https:\/\/www.meds.cl\/wp-includes\/js\/jquery\/ui\/core.min.js?ver=1.13.2' id='jquery-ui-core-js'><\/script>\n<script   type='text\/javascript' src='https:\/\/www.meds.cl\/wp-includes\/js\/jquery\/ui\/tabs.min.js?ver=1.13.2' id='jquery-ui-tabs-js'><\/script>\n<script   type='text\/javascript' src='https:\/\/www.meds.cl\/wp-includes\/js\/jquery\/ui\/accordion.min.js?ver=1.13.2' id='jquery-ui-accordion-js'><\/script>\n<script   type='text\/javascript' id='mediaelement-core-js-before'>\nvar mejsL10n = {\"language\":\"es\",\"strings\":{\"mejs.download-file\":\"Descargar archivo\",\"mejs.install-flash\":\"Est\\u00e1s usando un navegador que no tiene Flash activo o instalado. Por favor, activa el componente del reproductor Flash o descarga la \\u00faltima versi\\u00f3n desde https:\\\/\\\/get.adobe.com\\\/flashplayer\\\/\",\"mejs.fullscreen\":\"Pantalla completa\",\"mejs.play\":\"Reproducir\",\"mejs.pause\":\"Pausa\",\"mejs.time-slider\":\"Control de tiempo\",\"mejs.time-help-text\":\"Usa las teclas de direcci\\u00f3n izquierda\\\/derecha para avanzar un segundo y las flechas arriba\\\/abajo para avanzar diez segundos.\",\"mejs.live-broadcast\":\"Transmisi\\u00f3n en vivo\",\"mejs.volume-help-text\":\"Utiliza las teclas de flecha arriba\\\/abajo para aumentar o disminuir el volumen.\",\"mejs.unmute\":\"Activar el sonido\",\"mejs.mute\":\"Silenciar\",\"mejs.volume-slider\":\"Control de volumen\",\"mejs.video-player\":\"Reproductor de v\\u00eddeo\",\"mejs.audio-player\":\"Reproductor de audio\",\"mejs.captions-subtitles\":\"Pies de foto \\\/ Subt\\u00edtulos\",\"mejs.captions-chapters\":\"Cap\\u00edtulos\",\"mejs.none\":\"Ninguna\",\"mejs.afrikaans\":\"Afrik\\u00e1ans\",\"mejs.albanian\":\"Albano\",\"mejs.arabic\":\"\\u00c1rabe\",\"mejs.belarusian\":\"Bielorruso\",\"mejs.bulgarian\":\"B\\u00falgaro\",\"mejs.catalan\":\"Catal\\u00e1n\",\"mejs.chinese\":\"Chino\",\"mejs.chinese-simplified\":\"Chino (Simplificado)\",\"mejs.chinese-traditional\":\"Chino (Tradicional)\",\"mejs.croatian\":\"Croata\",\"mejs.czech\":\"Checo\",\"mejs.danish\":\"Dan\\u00e9s\",\"mejs.dutch\":\"Neerland\\u00e9s\",\"mejs.english\":\"Ingl\\u00e9s\",\"mejs.estonian\":\"Estonio\",\"mejs.filipino\":\"Filipino\",\"mejs.finnish\":\"Fin\\u00e9s\",\"mejs.french\":\"Franc\\u00e9s\",\"mejs.galician\":\"Gallego\",\"mejs.german\":\"Alem\\u00e1n\",\"mejs.greek\":\"Griego\",\"mejs.haitian-creole\":\"Creole haitiano\",\"mejs.hebrew\":\"Hebreo\",\"mejs.hindi\":\"Indio\",\"mejs.hungarian\":\"H\\u00fangaro\",\"mejs.icelandic\":\"Island\\u00e9s\",\"mejs.indonesian\":\"Indonesio\",\"mejs.irish\":\"Irland\\u00e9s\",\"mejs.italian\":\"Italiano\",\"mejs.japanese\":\"Japon\\u00e9s\",\"mejs.korean\":\"Coreano\",\"mejs.latvian\":\"Let\\u00f3n\",\"mejs.lithuanian\":\"Lituano\",\"mejs.macedonian\":\"Macedonio\",\"mejs.malay\":\"Malayo\",\"mejs.maltese\":\"Malt\\u00e9s\",\"mejs.norwegian\":\"Noruego\",\"mejs.persian\":\"Persa\",\"mejs.polish\":\"Polaco\",\"mejs.portuguese\":\"Portugu\\u00e9s\",\"mejs.romanian\":\"Rumano\",\"mejs.russian\":\"Ruso\",\"mejs.serbian\":\"Serbio\",\"mejs.slovak\":\"Eslovaco\",\"mejs.slovenian\":\"Esloveno\",\"mejs.spanish\":\"Espa\\u00f1ol\",\"mejs.swahili\":\"Swahili\",\"mejs.swedish\":\"Sueco\",\"mejs.tagalog\":\"Tagalo\",\"mejs.thai\":\"Tailand\\u00e9s\",\"mejs.turkish\":\"Turco\",\"mejs.ukrainian\":\"Ukraniano\",\"mejs.vietnamese\":\"Vietnamita\",\"mejs.welsh\":\"Gal\\u00e9s\",\"mejs.yiddish\":\"Yiddish\"}};\n<\/script>\n<script   type='text\/javascript' src='https:\/\/www.meds.cl\/wp-includes\/js\/mediaelement\/mediaelement-and-player.min.js?ver=4.2.17' id='mediaelement-core-js'><\/script>\n<script   type='text\/javascript' src='https:\/\/www.meds.cl\/wp-includes\/js\/mediaelement\/mediaelement-migrate.min.js?ver=5bb24095115052199a4c1a492b4fdaa6' id='mediaelement-migrate-js'><\/script>\n<script type='text\/javascript' id='mediaelement-js-extra'>\n\/* <![CDATA[ *\/\nvar _wpmejsSettings = {\"pluginPath\":\"\\\/wp-includes\\\/js\\\/mediaelement\\\/\",\"classPrefix\":\"mejs-\",\"stretching\":\"responsive\",\"audioShortcodeLibrary\":\"mediaelement\",\"videoShortcodeLibrary\":\"mediaelement\"};\n\/* ]]> *\/\n<\/script>\n<script   type='text\/javascript' src='https:\/\/www.meds.cl\/wp-includes\/js\/mediaelement\/wp-mediaelement.min.js?ver=5bb24095115052199a4c1a492b4fdaa6' id='wp-mediaelement-js'><\/script>\n<script   type='text\/javascript' src='\/\/maps.googleapis.com\/maps\/api\/js?key=AIzaSyCpWbaX7N39wBq0EUdXMPBATlgC8g_h2Zw&#038;ver=5bb24095115052199a4c1a492b4fdaa6' id='mediclinic-mikado-google-map-api-js'><\/script>\n\n<script   type='text\/javascript' src='https:\/\/www.meds.cl\/wp-content\/plugins\/elementor-pro\/assets\/lib\/smartmenus\/jquery.smartmenus.min.js?ver=1.0.1' id='smartmenus-js'><\/script>\n<script   type='text\/javascript' src='https:\/\/www.meds.cl\/wp-content\/plugins\/elementor-pro\/assets\/js\/webpack-pro.runtime.min.js?ver=3.18.3' id='elementor-pro-webpack-runtime-js'><\/script>\n<script   type='text\/javascript' src='https:\/\/www.meds.cl\/wp-content\/plugins\/elementor\/assets\/js\/webpack.runtime.min.js?ver=3.18.3' id='elementor-webpack-runtime-js'><\/script>\n<script   type='text\/javascript' src='https:\/\/www.meds.cl\/wp-content\/plugins\/elementor\/assets\/js\/frontend-modules.min.js?ver=3.18.3' id='elementor-frontend-modules-js'><\/script>\n<script   type='text\/javascript' src='https:\/\/www.meds.cl\/wp-includes\/js\/dist\/vendor\/wp-polyfill-inert.min.js?ver=3.1.2' id='wp-polyfill-inert-js'><\/script>\n<script   type='text\/javascript' src='https:\/\/www.meds.cl\/wp-includes\/js\/dist\/vendor\/regenerator-runtime.min.js?ver=0.13.11' id='regenerator-runtime-js'><\/script>\n<script   type='text\/javascript' src='https:\/\/www.meds.cl\/wp-includes\/js\/dist\/vendor\/wp-polyfill.min.js?ver=3.15.0' id='wp-polyfill-js'><\/script>\n<script   type='text\/javascript' src='https:\/\/www.meds.cl\/wp-includes\/js\/dist\/hooks.min.js?ver=4169d3cf8e8d95a3d6d5' id='wp-hooks-js'><\/script>\n<script   type='text\/javascript' src='https:\/\/www.meds.cl\/wp-includes\/js\/dist\/i18n.min.js?ver=9e794f35a71bb98672ae' id='wp-i18n-js'><\/script>\n<script   type='text\/javascript' id='wp-i18n-js-after'>\nwp.i18n.setLocaleData( { 'text direction\\u0004ltr': [ 'ltr' ] } );\n<\/script>\n<script   type='text\/javascript' id='elementor-pro-frontend-js-before'>\nvar ElementorProFrontendConfig = {\"ajaxurl\":\"https:\\\/\\\/www.meds.cl\\\/wp-admin\\\/admin-ajax.php\",\"nonce\":\"6bbb60188e\",\"urls\":{\"assets\":\"https:\\\/\\\/www.meds.cl\\\/wp-content\\\/plugins\\\/elementor-pro\\\/assets\\\/\",\"rest\":\"https:\\\/\\\/www.meds.cl\\\/wp-json\\\/\"},\"shareButtonsNetworks\":{\"facebook\":{\"title\":\"Facebook\",\"has_counter\":true},\"twitter\":{\"title\":\"Twitter\"},\"linkedin\":{\"title\":\"LinkedIn\",\"has_counter\":true},\"pinterest\":{\"title\":\"Pinterest\",\"has_counter\":true},\"reddit\":{\"title\":\"Reddit\",\"has_counter\":true},\"vk\":{\"title\":\"VK\",\"has_counter\":true},\"odnoklassniki\":{\"title\":\"OK\",\"has_counter\":true},\"tumblr\":{\"title\":\"Tumblr\"},\"digg\":{\"title\":\"Digg\"},\"skype\":{\"title\":\"Skype\"},\"stumbleupon\":{\"title\":\"StumbleUpon\",\"has_counter\":true},\"mix\":{\"title\":\"Mix\"},\"telegram\":{\"title\":\"Telegram\"},\"pocket\":{\"title\":\"Pocket\",\"has_counter\":true},\"xing\":{\"title\":\"XING\",\"has_counter\":true},\"whatsapp\":{\"title\":\"WhatsApp\"},\"email\":{\"title\":\"Email\"},\"print\":{\"title\":\"Print\"}},\n\"facebook_sdk\":{\"lang\":\"es_ES\",\"app_id\":\"\"},\"lottie\":{\"defaultAnimationUrl\":\"https:\\\/\\\/www.meds.cl\\\/wp-content\\\/plugins\\\/elementor-pro\\\/modules\\\/lottie\\\/assets\\\/animations\\\/default.json\"}};\n<\/script>\n<script   type='text\/javascript' src='https:\/\/www.meds.cl\/wp-content\/plugins\/elementor-pro\/assets\/js\/frontend.min.js?ver=3.18.3' id='elementor-pro-frontend-js'><\/script>\n<script   type='text\/javascript' src='https:\/\/www.meds.cl\/wp-content\/plugins\/elementor\/assets\/lib\/waypoints\/waypoints.min.js?ver=4.0.2' id='elementor-waypoints-js'><\/script>\n<script   type='text\/javascript' id='elementor-frontend-js-before'>\nvar elementorFrontendConfig = {\"environmentMode\":{\"edit\":false,\"wpPreview\":false,\"isScriptDebug\":false},\"i18n\":{\"shareOnFacebook\":\"Compartir en Facebook\",\"shareOnTwitter\":\"Compartir en Twitter\",\"pinIt\":\"Pinear\",\"download\":\"Descargar\",\"downloadImage\":\"Descargar imagen\",\"fullscreen\":\"Pantalla completa\",\"zoom\":\"Zoom\",\"share\":\"Compartir\",\"playVideo\":\"Reproducir v\\u00eddeo\",\"previous\":\"Anterior\",\"next\":\"Siguiente\",\"close\":\"Cerrar\",\"a11yCarouselWrapperAriaLabel\":\"Carrusel | Scroll horizontal: Flecha izquierda y derecha\",\"a11yCarouselPrevSlideMessage\":\"Diapositiva anterior\",\"a11yCarouselNextSlideMessage\":\"Diapositiva siguiente\",\"a11yCarouselFirstSlideMessage\":\"Esta es la primera diapositiva\",\"a11yCarouselLastSlideMessage\":\"Esta es la \\u00faltima diapositiva\",\"a11yCarouselPaginationBulletMessage\":\"Ir a la diapositiva\"},\"is_rtl\":false,\"breakpoints\":{\"xs\":0,\"sm\":480,\"md\":768,\"lg\":1025,\"xl\":1440,\"xxl\":1600},\"responsive\":{\"breakpoints\":{\"mobile\":{\"label\":\"M\\u00f3vil vertical\",\"value\":767,\"default_value\":767,\"direction\":\"max\",\"is_enabled\":true},\"mobile_extra\":{\"label\":\"M\\u00f3vil horizontal\",\"value\":880,\"default_value\":880,\"direction\":\"max\",\"is_enabled\":false},\"tablet\":{\"label\":\"Tableta vertical\",\"value\":1024,\"default_value\":1024,\"direction\":\"max\",\"is_enabled\":true},\"tablet_extra\":{\"label\":\"Tableta horizontal\",\"value\":1113,\"default_value\":1200,\"direction\":\"max\",\"is_enabled\":false},\"laptop\":{\"label\":\"Port\\u00e1til\",\"value\":1366,\"default_value\":1366,\"direction\":\"max\",\"is_enabled\":false},\"widescreen\":{\"label\":\"Pantalla grande\",\"value\":2400,\"default_value\":2400,\"direction\":\"min\",\"is_enabled\":false}}},\n\"version\":\"3.18.3\",\"is_static\":false,\"experimentalFeatures\":{\"e_dom_optimization\":true,\"e_optimized_assets_loading\":true,\"e_optimized_css_loading\":true,\"e_font_icon_svg\":true,\"additional_custom_breakpoints\":true,\"theme_builder_v2\":true,\"block_editor_assets_optimize\":true,\"e_image_loading_optimization\":true,\"e_global_styleguide\":true},\"urls\":{\"assets\":\"https:\\\/\\\/www.meds.cl\\\/wp-content\\\/plugins\\\/elementor\\\/assets\\\/\"},\"swiperClass\":\"swiper-container\",\"settings\":{\"page\":[],\"editorPreferences\":[]},\"kit\":{\"body_background_background\":\"classic\",\"viewport_tablet\":1024,\"active_breakpoints\":[\"viewport_mobile\",\"viewport_tablet\"],\"global_image_lightbox\":\"yes\",\"lightbox_enable_counter\":\"yes\",\"lightbox_enable_fullscreen\":\"yes\",\"lightbox_enable_zoom\":\"yes\",\"lightbox_enable_share\":\"yes\",\"lightbox_title_src\":\"title\",\"lightbox_description_src\":\"description\"},\"post\":{\"id\":45904,\"title\":\"Reserva%20de%20horas%20MEDS\",\"excerpt\":\"\",\"featuredImage\":false}};\n<\/script>\n<script   type='text\/javascript' src='https:\/\/www.meds.cl\/wp-content\/plugins\/elementor\/assets\/js\/frontend.min.js?ver=3.18.3' id='elementor-frontend-js'><\/script>\n<script   type='text\/javascript' src='https:\/\/www.meds.cl\/wp-content\/plugins\/elementor-pro\/assets\/js\/elements-handlers.min.js?ver=3.18.3' id='pro-elements-handlers-js'><\/script>\n<script   type='text\/javascript' src='https:\/\/www.meds.cl\/wp-content\/plugins\/elementor-pro\/assets\/lib\/sticky\/jquery.sticky.min.js?ver=3.18.3' id='e-sticky-js'><\/script>\n<script><\/script><noscript><link rel=\"stylesheet\" href=\"https:\/\/fonts.googleapis.com\/css?family=Montserrat:300,400,400italic,500,600,700|Open+Sans:300,400,400italic,500,600,700|Poppins:300,400,400italic,500,600,700&amp;subset=latin-ext&amp;display=swap\" media=\"all\" \/><\/noscript>\n\t\t<\/div>\n\t\t\t\t<\/div>\n\t\t\t\t\t\t<\/div>\n\t\t\t\t\t<\/div>\n\t\t<\/div>\n\t\t\t\t\t\t\t\t<\/div>\n\t\t\t\t\t<\/div>\n\t\t<\/section>\n\t\t\t\t\t\t\t\t\t<\/div>\n\t\t\t<\/div>\n\t\t\t\t\t<\/div>\n\t\t","protected":false},"excerpt":{"rendered":"<p>Dra. Francisca Gajardo Pasos para reservar Hora: 1. Ingrese su RUT. 2. Complete sus datos. 3. Seleccione un centro m\u00e9dico. 4. Seleccione d\u00eda y fecha de atenci\u00f3n. 5. Prep\u00e1rese para su atenci\u00f3n. * La doctora atiende pacientes mayores de 18 a\u00f1os.* La doctora no atiende casos de Diabetes Mellitus. Reserva Presencial<\/p>\n","protected":false},"author":1,"featured_media":0,"parent":0,"menu_order":0,"comment_status":"closed","ping_status":"closed","template":"","meta":{"footnotes":""},"class_list":["post-1774","page","type-page","status-publish","hentry"],"_links":{"self":[{"href":"https:\/\/www.endocrinologas.cl\/especialistas\/francisca-gajardo\/wp-json\/wp\/v2\/pages\/1774","targetHints":{"allow":["GET"]}}],"collection":[{"href":"https:\/\/www.endocrinologas.cl\/especialistas\/francisca-gajardo\/wp-json\/wp\/v2\/pages"}],"about":[{"href":"https:\/\/www.endocrinologas.cl\/especialistas\/francisca-gajardo\/wp-json\/wp\/v2\/types\/page"}],"author":[{"embeddable":true,"href":"https:\/\/www.endocrinologas.cl\/especialistas\/francisca-gajardo\/wp-json\/wp\/v2\/users\/1"}],"replies":[{"embeddable":true,"href":"https:\/\/www.endocrinologas.cl\/especialistas\/francisca-gajardo\/wp-json\/wp\/v2\/comments?post=1774"}],"version-history":[{"count":40,"href":"https:\/\/www.endocrinologas.cl\/especialistas\/francisca-gajardo\/wp-json\/wp\/v2\/pages\/1774\/revisions"}],"predecessor-version":[{"id":1817,"href":"https:\/\/www.endocrinologas.cl\/especialistas\/francisca-gajardo\/wp-json\/wp\/v2\/pages\/1774\/revisions\/1817"}],"wp:attachment":[{"href":"https:\/\/www.endocrinologas.cl\/especialistas\/francisca-gajardo\/wp-json\/wp\/v2\/media?parent=1774"}],"curies":[{"name":"wp","href":"https:\/\/api.w.org\/{rel}","templated":true}]}}